{"id":245,"date":"2023-05-02T11:40:58","date_gmt":"2023-05-02T09:40:58","guid":{"rendered":"https:\/\/www.splura-plongee.com\/?page_id=245"},"modified":"2023-06-06T09:23:06","modified_gmt":"2023-06-06T07:23:06","slug":"mentions-legales","status":"publish","type":"page","link":"https:\/\/www.splura-plongee.com\/en\/mentions-legales\/","title":{"rendered":"Legal Notice"},"content":{"rendered":"<p>The site was designed by the Influenci agency in Propriano. It is hosted by SAS OVH. The publication is managed by Anthony Bressy for SAS SPLURA (RCS Ajaccio 953 058 351) domiciled in Olmeto, Corse du Sud.<\/p>\n<p><strong>Terms of Service<\/strong><\/p>\n<p>Article 1: object<br \/>\nThese T&amp;Cs or General Conditions of Use provide a legal framework for the use of the services of the site www.splura-plongee.com (hereinafter referred to as &quot;the site&quot;).<\/p>\n<p>Constituting the contract between SAS SPLURA, the User, access to the site must be preceded by the acceptance of these T&amp;Cs. Access to this platform signifies acceptance of these T&amp;Cs.<\/p>\n<p>Article 2: Access to the site<\/p>\n<p>The site is accessible free of charge from anywhere by any user with Internet access. All costs necessary for access to the services (computer equipment, Internet connection, etc.) are the responsibility of the user.<\/p>\n<p>Access to services dedicated to members is via a username and password.<\/p>\n<p>For maintenance or other reasons, access to the site may be interrupted or suspended by the publisher without notice or justification.<\/p>\n<p>Article 4: Data collection<\/p>\n<p>For the creation of the User&#039;s account, the collection of information at the time of registration on the site is necessary and mandatory. In accordance with law n\u00b078-17 of January 6 relating to data processing, files and freedoms, the collection and processing of personal information is carried out with respect for privacy.<\/p>\n<p>According to the Data Protection Act dated January 6, 1978, articles 39 and 40, the User has the right to access, rectify, delete and oppose his personal data. This right can be exercised from the Contact Us page of this site.<\/p>\n<p>Article 5: Intellectual property<\/p>\n<p>The brands, logos as well as the contents of the site (graphic illustrations, texts, etc.) are protected by the Intellectual Property Code and by copyright.<\/p>\n<p>The reproduction and copying of content by the User requires prior authorization from the site. In this case, any use for commercial purposes or for advertising purposes is prohibited.<\/p>\n<p>Article 6: Liability<\/p>\n<p>Although the information published on the site is deemed reliable, the site reserves the right to not guarantee the reliability of the sources.<\/p>\n<p>The information disseminated on the site is presented for informational purposes only and has no contractual value. Despite regular updates, the site cannot be held liable in the event of changes to the administrative and legal provisions appearing after publication. The same applies to the use and interpretation of the information communicated on the platform.<\/p>\n<p>The site declines all responsibility for any viruses that may infect the User&#039;s computer equipment after using or accessing this site.<\/p>\n<p>The site cannot be held responsible in the event of force majeure or the unforeseeable and insurmountable act of a third party.<\/p>\n<p>The total guarantee of security and confidentiality of data is not provided by the site. However, the site undertakes to implement all the methods required to do so at best.<\/p>\n<p>Article 7: Hypertext links<\/p>\n<p>The site may consist of hypertext links. By clicking on these, the User will leave the platform. The latter has no control and cannot be held responsible for the content of the web pages relating to these links.<\/p>\n<p>Section 8: Cookies<\/p>\n<p>During visits to the site, the automatic installation of a cookie on the User&#039;s navigation software may occur.<\/p>\n<p>Cookies correspond to small files temporarily stored on the hard drive of the User&#039;s computer. These cookies are necessary to ensure accessibility and navigation on the site. These files do not contain personal information and cannot be used to identify a person.<\/p>\n<p>The information present in the cookies is used to improve navigation performance on the site.<\/p>\n<p>By browsing the site, the User accepts cookies. Their deactivation can be done via the parameters of the navigation software.<\/p>\n<p>Article 9: Publication by the User<\/p>\n<p>The site allows members to post comments.<\/p>\n<p>The site has the right to exercise a priori moderation on the publications and may refuse to put them online without having to provide any justification.<\/p>\n<p>The member retains all of his intellectual property rights. However, any publication on the site implies the delegation of the non-exclusive and free right to the publishing company to represent, reproduce, modify, adapt, distribute and distribute the publication anywhere and on any medium for the duration of the intellectual property. This can be done directly or through an authorized third party. This applies in particular to the right to use the publication on the web and on mobile telephone networks.<\/p>\n<p>At each use, the publisher undertakes to mention the name of the member near the publication.<\/p>\n<p>The User is held responsible for any content he puts online. The User undertakes not to publish content likely to harm the interests of third parties. All legal proceedings initiated by an injured third party against the site must be borne by the User.<\/p>\n<p>The deletion or modification by the site of the User&#039;s content may be carried out at any time, for any reason and without notice.<\/p>\n<p>Article 11: Duration of the contract<\/p>\n<p>This contract is valid for an indefinite period. The beginning of the use of the services of the site marks the application of the contract with regard to the User.<\/p>\n<p>Article 12: Applicable law and competent jurisdiction<\/p>\n<p>This contract is subject to French law. The absence of amicable resolution of cases of dispute between the parties implies recourse to the competent French courts to settle the dispute.<\/p>","protected":false},"excerpt":{"rendered":"<p>The site was designed by the Influenci agency in Propriano. It is hosted by SAS OVH. The publication is managed by Anthony Bressy for SAS SPLURA (RCS Ajaccio 953 058 351) domiciled in Olmeto, Corse du Sud. General terms of use Article 1: Purpose These T&amp;Cs or General Terms [\u2026]<\/p>","protected":false},"author":1,"featured_media":0,"parent":0,"menu_order":0,"comment_status":"closed","ping_status":"closed","template":"","meta":{"_acf_changed":false,"footnotes":""},"class_list":["post-245","page","type-page","status-publish","hentry"],"acf":[],"yoast_head":"<!-- This site is optimized with the Yoast SEO plugin v25.3.1 - https:\/\/yoast.com\/wordpress\/plugins\/seo\/ -->\n<title>Mentions l\u00e9gales - Splur\u00e0<\/title>\n<meta name=\"robots\" content=\"index, follow, max-snippet:-1, max-image-preview:large, max-video-preview:-1\" \/>\n<link rel=\"canonical\" href=\"https:\/\/www.splura-plongee.com\/en\/mentions-legales\/\" \/>\n<meta property=\"og:locale\" content=\"en_GB\" \/>\n<meta property=\"og:type\" content=\"article\" \/>\n<meta property=\"og:title\" content=\"Mentions l\u00e9gales - Splur\u00e0\" \/>\n<meta property=\"og:description\" content=\"Le site a \u00e9t\u00e9 con\u00e7u par l&rsquo;agence Influenci \u00e0 Propriano. Il est h\u00e9berg\u00e9 par la SAS OVH. La direction de la publication est assur\u00e9e par Anthony Bressy pour la SAS SPLURA (RCS Ajaccio 953 058 351) domicili\u00e9e \u00e0 Olmeto, Corse du Sud. Conditions g\u00e9n\u00e9rales d\u2019utilisation Article 1 : Objet Les pr\u00e9sentes CGU ou Conditions G\u00e9n\u00e9rales [&hellip;]\" \/>\n<meta property=\"og:url\" content=\"https:\/\/www.splura-plongee.com\/en\/mentions-legales\/\" \/>\n<meta property=\"og:site_name\" content=\"Splur\u00e0\" \/>\n<meta property=\"article:modified_time\" content=\"2023-06-06T07:23:06+00:00\" \/>\n<meta name=\"twitter:card\" content=\"summary_large_image\" \/>\n<meta name=\"twitter:label1\" content=\"Estimated reading time\" \/>\n\t<meta name=\"twitter:data1\" content=\"5 minutes\" \/>\n<script type=\"application\/ld+json\" class=\"yoast-schema-graph\">{\"@context\":\"https:\/\/schema.org\",\"@graph\":[{\"@type\":\"WebPage\",\"@id\":\"https:\/\/www.splura-plongee.com\/mentions-legales\/\",\"url\":\"https:\/\/www.splura-plongee.com\/mentions-legales\/\",\"name\":\"Mentions l\u00e9gales - Splur\u00e0\",\"isPartOf\":{\"@id\":\"https:\/\/www.splura-plongee.com\/#website\"},\"datePublished\":\"2023-05-02T09:40:58+00:00\",\"dateModified\":\"2023-06-06T07:23:06+00:00\",\"breadcrumb\":{\"@id\":\"https:\/\/www.splura-plongee.com\/mentions-legales\/#breadcrumb\"},\"inLanguage\":\"en-GB\",\"potentialAction\":[{\"@type\":\"ReadAction\",\"target\":[\"https:\/\/www.splura-plongee.com\/mentions-legales\/\"]}]},{\"@type\":\"BreadcrumbList\",\"@id\":\"https:\/\/www.splura-plongee.com\/mentions-legales\/#breadcrumb\",\"itemListElement\":[{\"@type\":\"ListItem\",\"position\":1,\"name\":\"Accueil\",\"item\":\"https:\/\/www.splura-plongee.com\/\"},{\"@type\":\"ListItem\",\"position\":2,\"name\":\"Mentions l\u00e9gales\"}]},{\"@type\":\"WebSite\",\"@id\":\"https:\/\/www.splura-plongee.com\/#website\",\"url\":\"https:\/\/www.splura-plongee.com\/\",\"name\":\"Splur\u00e0\",\"description\":\"Plong\u00e9e et randonn\u00e9e palm\u00e9e \u00e0 Propriano\",\"publisher\":{\"@id\":\"https:\/\/www.splura-plongee.com\/#organization\"},\"potentialAction\":[{\"@type\":\"SearchAction\",\"target\":{\"@type\":\"EntryPoint\",\"urlTemplate\":\"https:\/\/www.splura-plongee.com\/?s={search_term_string}\"},\"query-input\":{\"@type\":\"PropertyValueSpecification\",\"valueRequired\":true,\"valueName\":\"search_term_string\"}}],\"inLanguage\":\"en-GB\"},{\"@type\":\"Organization\",\"@id\":\"https:\/\/www.splura-plongee.com\/#organization\",\"name\":\"Splur\u00e0\",\"url\":\"https:\/\/www.splura-plongee.com\/\",\"logo\":{\"@type\":\"ImageObject\",\"inLanguage\":\"en-GB\",\"@id\":\"https:\/\/www.splura-plongee.com\/#\/schema\/logo\/image\/\",\"url\":\"https:\/\/www.splura-plongee.com\/wp-content\/uploads\/2023\/04\/profil.jpg\",\"contentUrl\":\"https:\/\/www.splura-plongee.com\/wp-content\/uploads\/2023\/04\/profil.jpg\",\"width\":800,\"height\":800,\"caption\":\"Splur\u00e0\"},\"image\":{\"@id\":\"https:\/\/www.splura-plongee.com\/#\/schema\/logo\/image\/\"}}]}<\/script>\n<!-- \/ Yoast SEO plugin. -->","yoast_head_json":{"title":"Mentions l\u00e9gales - Splur\u00e0","robots":{"index":"index","follow":"follow","max-snippet":"max-snippet:-1","max-image-preview":"max-image-preview:large","max-video-preview":"max-video-preview:-1"},"canonical":"https:\/\/www.splura-plongee.com\/en\/mentions-legales\/","og_locale":"en_GB","og_type":"article","og_title":"Mentions l\u00e9gales - Splur\u00e0","og_description":"Le site a \u00e9t\u00e9 con\u00e7u par l&rsquo;agence Influenci \u00e0 Propriano. Il est h\u00e9berg\u00e9 par la SAS OVH. La direction de la publication est assur\u00e9e par Anthony Bressy pour la SAS SPLURA (RCS Ajaccio 953 058 351) domicili\u00e9e \u00e0 Olmeto, Corse du Sud. Conditions g\u00e9n\u00e9rales d\u2019utilisation Article 1 : Objet Les pr\u00e9sentes CGU ou Conditions G\u00e9n\u00e9rales [&hellip;]","og_url":"https:\/\/www.splura-plongee.com\/en\/mentions-legales\/","og_site_name":"Splur\u00e0","article_modified_time":"2023-06-06T07:23:06+00:00","twitter_card":"summary_large_image","twitter_misc":{"Estimated reading time":"5 minutes"},"schema":{"@context":"https:\/\/schema.org","@graph":[{"@type":"WebPage","@id":"https:\/\/www.splura-plongee.com\/mentions-legales\/","url":"https:\/\/www.splura-plongee.com\/mentions-legales\/","name":"Mentions l\u00e9gales - Splur\u00e0","isPartOf":{"@id":"https:\/\/www.splura-plongee.com\/#website"},"datePublished":"2023-05-02T09:40:58+00:00","dateModified":"2023-06-06T07:23:06+00:00","breadcrumb":{"@id":"https:\/\/www.splura-plongee.com\/mentions-legales\/#breadcrumb"},"inLanguage":"en-GB","potentialAction":[{"@type":"ReadAction","target":["https:\/\/www.splura-plongee.com\/mentions-legales\/"]}]},{"@type":"BreadcrumbList","@id":"https:\/\/www.splura-plongee.com\/mentions-legales\/#breadcrumb","itemListElement":[{"@type":"ListItem","position":1,"name":"Accueil","item":"https:\/\/www.splura-plongee.com\/"},{"@type":"ListItem","position":2,"name":"Mentions l\u00e9gales"}]},{"@type":"WebSite","@id":"https:\/\/www.splura-plongee.com\/#website","url":"https:\/\/www.splura-plongee.com\/","name":"Splur\u00e0","description":"Plong\u00e9e et randonn\u00e9e palm\u00e9e \u00e0 Propriano","publisher":{"@id":"https:\/\/www.splura-plongee.com\/#organization"},"potentialAction":[{"@type":"SearchAction","target":{"@type":"EntryPoint","urlTemplate":"https:\/\/www.splura-plongee.com\/?s={search_term_string}"},"query-input":{"@type":"PropertyValueSpecification","valueRequired":true,"valueName":"search_term_string"}}],"inLanguage":"en-GB"},{"@type":"Organization","@id":"https:\/\/www.splura-plongee.com\/#organization","name":"Splur\u00e0","url":"https:\/\/www.splura-plongee.com\/","logo":{"@type":"ImageObject","inLanguage":"en-GB","@id":"https:\/\/www.splura-plongee.com\/#\/schema\/logo\/image\/","url":"https:\/\/www.splura-plongee.com\/wp-content\/uploads\/2023\/04\/profil.jpg","contentUrl":"https:\/\/www.splura-plongee.com\/wp-content\/uploads\/2023\/04\/profil.jpg","width":800,"height":800,"caption":"Splur\u00e0"},"image":{"@id":"https:\/\/www.splura-plongee.com\/#\/schema\/logo\/image\/"}}]}},"_links":{"self":[{"href":"https:\/\/www.splura-plongee.com\/en\/wp-json\/wp\/v2\/pages\/245","targetHints":{"allow":["GET"]}}],"collection":[{"href":"https:\/\/www.splura-plongee.com\/en\/wp-json\/wp\/v2\/pages"}],"about":[{"href":"https:\/\/www.splura-plongee.com\/en\/wp-json\/wp\/v2\/types\/page"}],"author":[{"embeddable":true,"href":"https:\/\/www.splura-plongee.com\/en\/wp-json\/wp\/v2\/users\/1"}],"replies":[{"embeddable":true,"href":"https:\/\/www.splura-plongee.com\/en\/wp-json\/wp\/v2\/comments?post=245"}],"version-history":[{"count":8,"href":"https:\/\/www.splura-plongee.com\/en\/wp-json\/wp\/v2\/pages\/245\/revisions"}],"predecessor-version":[{"id":617,"href":"https:\/\/www.splura-plongee.com\/en\/wp-json\/wp\/v2\/pages\/245\/revisions\/617"}],"wp:attachment":[{"href":"https:\/\/www.splura-plongee.com\/en\/wp-json\/wp\/v2\/media?parent=245"}],"curies":[{"name":"wp","href":"https:\/\/api.w.org\/{rel}","templated":true}]}}