{"id":373,"date":"2023-05-18T16:51:46","date_gmt":"2023-05-18T14:51:46","guid":{"rendered":"https:\/\/www.splura-plongee.com\/?page_id=373"},"modified":"2023-05-19T07:00:02","modified_gmt":"2023-05-19T05:00:02","slug":"reservation","status":"publish","type":"page","link":"https:\/\/www.splura-plongee.com\/en\/reservation\/","title":{"rendered":"Reservation"},"content":{"rendered":"<div data-elementor-type=\"wp-page\" data-elementor-id=\"373\" class=\"elementor elementor-373\" data-elementor-post-type=\"page\">\n\t\t\t\t\t\t<section class=\"elementor-section elementor-top-section elementor-element elementor-element-e4ae14b elementor-section-boxed elementor-section-height-default elementor-section-height-default\" data-id=\"e4ae14b\" data-element_type=\"section\">\n\t\t\t\t\t\t<div class=\"elementor-container elementor-column-gap-default\">\n\t\t\t\t\t<div class=\"elementor-column elementor-col-100 elementor-top-column elementor-element elementor-element-975e1be\" data-id=\"975e1be\" data-element_type=\"column\">\n\t\t\t<div class=\"elementor-widget-wrap elementor-element-populated\">\n\t\t\t\t\t\t<div class=\"elementor-element elementor-element-34f2a44 elementor-widget elementor-widget-heading\" data-id=\"34f2a44\" data-element_type=\"widget\" data-widget_type=\"heading.default\">\n\t\t\t\t<div class=\"elementor-widget-container\">\n\t\t\t\t\t<h1 class=\"elementor-heading-title elementor-size-default\">Book your dive <\/h1>\t\t\t\t<\/div>\n\t\t\t\t<\/div>\n\t\t\t\t<div class=\"elementor-element elementor-element-d471c85 elementor-widget elementor-widget-text-editor\" data-id=\"d471c85\" data-element_type=\"widget\" data-widget_type=\"text-editor.default\">\n\t\t\t\t<div class=\"elementor-widget-container\">\n\t\t\t\t\t\t\t\t\t<p>Book your dive directly online using our secure module. The dives displayed are the scheduled trips. If you want a tailor-made program, privatise a boat for fully personalised dives or for any request, do not hesitate to contact us.<\/p>\t\t\t\t\t\t\t\t<\/div>\n\t\t\t\t<\/div>\n\t\t\t\t<div class=\"elementor-element elementor-element-3ecad60 elementor-widget elementor-widget-html\" data-id=\"3ecad60\" data-element_type=\"widget\" data-widget_type=\"html.default\">\n\t\t\t\t<div class=\"elementor-widget-container\">\n\t\t\t\t\t<div class=\"resamare-widget-recherche resamare-widget\" data-api=\"https:\/\/www.spluraplongee.com\/resaApi\" data-couleur-principale=\"#13778E\" data-couleur-complementaire=\"#ffffff\" data-langue=\"fr\"><\/div>\t\t\t\t<\/div>\n\t\t\t\t<\/div>\n\t\t\t\t\t<\/div>\n\t\t<\/div>\n\t\t\t\t\t<\/div>\n\t\t<\/section>\n\t\t\t\t<\/div>","protected":false},"excerpt":{"rendered":"<p>Book your dive Book your dive directly online using our secure module. The dives displayed are the scheduled trips. If you want a tailor-made program, privatize a boat for totally personalized dives or for any request, do not hesitate to contact us.<\/p>","protected":false},"author":1,"featured_media":0,"parent":0,"menu_order":0,"comment_status":"closed","ping_status":"closed","template":"","meta":{"_acf_changed":false,"footnotes":""},"class_list":["post-373","page","type-page","status-publish","hentry"],"acf":[],"yoast_head":"<!-- This site is optimized with the Yoast SEO plugin v25.3.1 - https:\/\/yoast.com\/wordpress\/plugins\/seo\/ -->\n<title>R\u00e9servez votre plong\u00e9e palm\u00e9e avec scooter sous-marin \u00e0 Propriano<\/title>\n<meta name=\"description\" content=\"R\u00e9servez en ligne et plongez \u00e0 la d\u00e9couverte des merveilles sous-marines du Valinco avec nos randonn\u00e9es palm\u00e9es avec scooter sous marin\" \/>\n<meta name=\"robots\" content=\"index, follow, max-snippet:-1, max-image-preview:large, max-video-preview:-1\" \/>\n<link rel=\"canonical\" href=\"https:\/\/www.splura-plongee.com\/en\/reservation\/\" \/>\n<meta property=\"og:locale\" content=\"en_GB\" \/>\n<meta property=\"og:type\" content=\"article\" \/>\n<meta property=\"og:title\" content=\"R\u00e9servez votre plong\u00e9e palm\u00e9e avec scooter sous-marin \u00e0 Propriano\" \/>\n<meta property=\"og:description\" content=\"R\u00e9servez en ligne et plongez \u00e0 la d\u00e9couverte des merveilles sous-marines du Valinco avec nos randonn\u00e9es palm\u00e9es avec scooter sous marin\" \/>\n<meta property=\"og:url\" content=\"https:\/\/www.splura-plongee.com\/en\/reservation\/\" \/>\n<meta property=\"og:site_name\" content=\"Splur\u00e0\" \/>\n<meta property=\"article:modified_time\" content=\"2023-05-19T05:00:02+00:00\" \/>\n<meta name=\"twitter:card\" content=\"summary_large_image\" \/>\n<meta name=\"twitter:label1\" content=\"Estimated reading time\" \/>\n\t<meta name=\"twitter:data1\" content=\"1 minute\" \/>\n<script type=\"application\/ld+json\" class=\"yoast-schema-graph\">{\"@context\":\"https:\/\/schema.org\",\"@graph\":[{\"@type\":\"WebPage\",\"@id\":\"https:\/\/www.splura-plongee.com\/reservation\/\",\"url\":\"https:\/\/www.splura-plongee.com\/reservation\/\",\"name\":\"R\u00e9servez votre plong\u00e9e palm\u00e9e avec scooter sous-marin \u00e0 Propriano\",\"isPartOf\":{\"@id\":\"https:\/\/www.splura-plongee.com\/#website\"},\"datePublished\":\"2023-05-18T14:51:46+00:00\",\"dateModified\":\"2023-05-19T05:00:02+00:00\",\"description\":\"R\u00e9servez en ligne et plongez \u00e0 la d\u00e9couverte des merveilles sous-marines du Valinco avec nos randonn\u00e9es palm\u00e9es avec scooter sous marin\",\"breadcrumb\":{\"@id\":\"https:\/\/www.splura-plongee.com\/reservation\/#breadcrumb\"},\"inLanguage\":\"en-GB\",\"potentialAction\":[{\"@type\":\"ReadAction\",\"target\":[\"https:\/\/www.splura-plongee.com\/reservation\/\"]}]},{\"@type\":\"BreadcrumbList\",\"@id\":\"https:\/\/www.splura-plongee.com\/reservation\/#breadcrumb\",\"itemListElement\":[{\"@type\":\"ListItem\",\"position\":1,\"name\":\"Accueil\",\"item\":\"https:\/\/www.splura-plongee.com\/\"},{\"@type\":\"ListItem\",\"position\":2,\"name\":\"R\u00e9servation\"}]},{\"@type\":\"WebSite\",\"@id\":\"https:\/\/www.splura-plongee.com\/#website\",\"url\":\"https:\/\/www.splura-plongee.com\/\",\"name\":\"Splur\u00e0\",\"description\":\"Plong\u00e9e et randonn\u00e9e palm\u00e9e \u00e0 Propriano\",\"publisher\":{\"@id\":\"https:\/\/www.splura-plongee.com\/#organization\"},\"potentialAction\":[{\"@type\":\"SearchAction\",\"target\":{\"@type\":\"EntryPoint\",\"urlTemplate\":\"https:\/\/www.splura-plongee.com\/?s={search_term_string}\"},\"query-input\":{\"@type\":\"PropertyValueSpecification\",\"valueRequired\":true,\"valueName\":\"search_term_string\"}}],\"inLanguage\":\"en-GB\"},{\"@type\":\"Organization\",\"@id\":\"https:\/\/www.splura-plongee.com\/#organization\",\"name\":\"Splur\u00e0\",\"url\":\"https:\/\/www.splura-plongee.com\/\",\"logo\":{\"@type\":\"ImageObject\",\"inLanguage\":\"en-GB\",\"@id\":\"https:\/\/www.splura-plongee.com\/#\/schema\/logo\/image\/\",\"url\":\"https:\/\/www.splura-plongee.com\/wp-content\/uploads\/2023\/04\/profil.jpg\",\"contentUrl\":\"https:\/\/www.splura-plongee.com\/wp-content\/uploads\/2023\/04\/profil.jpg\",\"width\":800,\"height\":800,\"caption\":\"Splur\u00e0\"},\"image\":{\"@id\":\"https:\/\/www.splura-plongee.com\/#\/schema\/logo\/image\/\"}}]}<\/script>\n<!-- \/ Yoast SEO plugin. -->","yoast_head_json":{"title":"R\u00e9servez votre plong\u00e9e palm\u00e9e avec scooter sous-marin \u00e0 Propriano","description":"R\u00e9servez en ligne et plongez \u00e0 la d\u00e9couverte des merveilles sous-marines du Valinco avec nos randonn\u00e9es palm\u00e9es avec scooter sous marin","robots":{"index":"index","follow":"follow","max-snippet":"max-snippet:-1","max-image-preview":"max-image-preview:large","max-video-preview":"max-video-preview:-1"},"canonical":"https:\/\/www.splura-plongee.com\/en\/reservation\/","og_locale":"en_GB","og_type":"article","og_title":"R\u00e9servez votre plong\u00e9e palm\u00e9e avec scooter sous-marin \u00e0 Propriano","og_description":"R\u00e9servez en ligne et plongez \u00e0 la d\u00e9couverte des merveilles sous-marines du Valinco avec nos randonn\u00e9es palm\u00e9es avec scooter sous marin","og_url":"https:\/\/www.splura-plongee.com\/en\/reservation\/","og_site_name":"Splur\u00e0","article_modified_time":"2023-05-19T05:00:02+00:00","twitter_card":"summary_large_image","twitter_misc":{"Estimated reading time":"1 minute"},"schema":{"@context":"https:\/\/schema.org","@graph":[{"@type":"WebPage","@id":"https:\/\/www.splura-plongee.com\/reservation\/","url":"https:\/\/www.splura-plongee.com\/reservation\/","name":"R\u00e9servez votre plong\u00e9e palm\u00e9e avec scooter sous-marin \u00e0 Propriano","isPartOf":{"@id":"https:\/\/www.splura-plongee.com\/#website"},"datePublished":"2023-05-18T14:51:46+00:00","dateModified":"2023-05-19T05:00:02+00:00","description":"R\u00e9servez en ligne et plongez \u00e0 la d\u00e9couverte des merveilles sous-marines du Valinco avec nos randonn\u00e9es palm\u00e9es avec scooter sous marin","breadcrumb":{"@id":"https:\/\/www.splura-plongee.com\/reservation\/#breadcrumb"},"inLanguage":"en-GB","potentialAction":[{"@type":"ReadAction","target":["https:\/\/www.splura-plongee.com\/reservation\/"]}]},{"@type":"BreadcrumbList","@id":"https:\/\/www.splura-plongee.com\/reservation\/#breadcrumb","itemListElement":[{"@type":"ListItem","position":1,"name":"Accueil","item":"https:\/\/www.splura-plongee.com\/"},{"@type":"ListItem","position":2,"name":"R\u00e9servation"}]},{"@type":"WebSite","@id":"https:\/\/www.splura-plongee.com\/#website","url":"https:\/\/www.splura-plongee.com\/","name":"Splur\u00e0","description":"Plong\u00e9e et randonn\u00e9e palm\u00e9e \u00e0 Propriano","publisher":{"@id":"https:\/\/www.splura-plongee.com\/#organization"},"potentialAction":[{"@type":"SearchAction","target":{"@type":"EntryPoint","urlTemplate":"https:\/\/www.splura-plongee.com\/?s={search_term_string}"},"query-input":{"@type":"PropertyValueSpecification","valueRequired":true,"valueName":"search_term_string"}}],"inLanguage":"en-GB"},{"@type":"Organization","@id":"https:\/\/www.splura-plongee.com\/#organization","name":"Splur\u00e0","url":"https:\/\/www.splura-plongee.com\/","logo":{"@type":"ImageObject","inLanguage":"en-GB","@id":"https:\/\/www.splura-plongee.com\/#\/schema\/logo\/image\/","url":"https:\/\/www.splura-plongee.com\/wp-content\/uploads\/2023\/04\/profil.jpg","contentUrl":"https:\/\/www.splura-plongee.com\/wp-content\/uploads\/2023\/04\/profil.jpg","width":800,"height":800,"caption":"Splur\u00e0"},"image":{"@id":"https:\/\/www.splura-plongee.com\/#\/schema\/logo\/image\/"}}]}},"_links":{"self":[{"href":"https:\/\/www.splura-plongee.com\/en\/wp-json\/wp\/v2\/pages\/373","targetHints":{"allow":["GET"]}}],"collection":[{"href":"https:\/\/www.splura-plongee.com\/en\/wp-json\/wp\/v2\/pages"}],"about":[{"href":"https:\/\/www.splura-plongee.com\/en\/wp-json\/wp\/v2\/types\/page"}],"author":[{"embeddable":true,"href":"https:\/\/www.splura-plongee.com\/en\/wp-json\/wp\/v2\/users\/1"}],"replies":[{"embeddable":true,"href":"https:\/\/www.splura-plongee.com\/en\/wp-json\/wp\/v2\/comments?post=373"}],"version-history":[{"count":75,"href":"https:\/\/www.splura-plongee.com\/en\/wp-json\/wp\/v2\/pages\/373\/revisions"}],"predecessor-version":[{"id":461,"href":"https:\/\/www.splura-plongee.com\/en\/wp-json\/wp\/v2\/pages\/373\/revisions\/461"}],"wp:attachment":[{"href":"https:\/\/www.splura-plongee.com\/en\/wp-json\/wp\/v2\/media?parent=373"}],"curies":[{"name":"wp","href":"https:\/\/api.w.org\/{rel}","templated":true}]}}